{"id":101,"date":"2019-07-24T17:30:51","date_gmt":"2019-07-24T15:30:51","guid":{"rendered":"http:\/\/centrofs.es\/?page_id=101"},"modified":"2019-07-24T19:06:51","modified_gmt":"2019-07-24T17:06:51","slug":"podologia-deportiva","status":"publish","type":"page","link":"https:\/\/centrofs.es\/index.php\/podologia-deportiva\/","title":{"rendered":"Podolog\u00eda deportiva"},"content":{"rendered":"<p>[et_pb_section fb_built=\u00bb1&#8243; fullwidth=\u00bbon\u00bb _builder_version=\u00bb3.12.1&#8243;][et_pb_fullwidth_slider _builder_version=\u00bb3.12.1&#8243;][et_pb_slide heading=\u00bb\u00c1rea de podolog\u00eda\u00bb button_text=\u00bbContacta ahora\u00bb button_link=\u00bb#contacto\u00bb _builder_version=\u00bb3.12.1&#8243; header_font=\u00bb|700|||||||\u00bb header_text_shadow_style=\u00bbpreset1&#8243; body_font=\u00bb|700|||||||\u00bb body_text_shadow_style=\u00bbpreset1&#8243; background_image=\u00bbhttps:\/\/centrofs.es\/wp-content\/uploads\/2019\/07\/body-background3.jpg\u00bb custom_button=\u00bbon\u00bb button_font=\u00bb|700|||||||\u00bb box_shadow_style_button=\u00bbpreset2&#8243;]<\/p>\n<p><span>Dise\u00f1o de plantillas personalizadas \u2013 Estudio de pisada<\/span><\/p>\n<p>[\/et_pb_slide][\/et_pb_fullwidth_slider][\/et_pb_section][et_pb_section fb_built=\u00bb1&#8243; _builder_version=\u00bb3.12.1&#8243;][et_pb_row _builder_version=\u00bb3.12.1&#8243;][et_pb_column type=\u00bb4_4&#8243; _builder_version=\u00bb3.0.47&#8243; parallax=\u00bboff\u00bb parallax_method=\u00bbon\u00bb][et_pb_text _builder_version=\u00bb3.12.1&#8243; text_font=\u00bbArial||||||||\u00bb text_font_size=\u00bb21px\u00bb header_font=\u00bb||||||||\u00bb header_text_color=\u00bb#085182&#8243;]<\/p>\n<h1 style=\"text-align: center;\">Podolog\u00eda Deportiva<\/h1>\n<hr \/>\n<p style=\"text-align: center;\">En el Centro FS tenemos m\u00e1s de 25 a\u00f1os tratando a deportistas, atletas, futbolistas y otros jugadores de \u00e9lite.<\/p>\n<p style=\"text-align: center;\">Contamos con diferentes \u00e1reas de atenci\u00f3n entre las que destaca nuestra secci\u00f3n de podolog\u00eda deportiva en Sevilla.<\/p>\n<p style=\"text-align: center;\">Ven y conoce de primera mano a nuestro equipo de profesionales: hemos seleccionado al mejor personal.<\/p>\n<p>[\/et_pb_text][\/et_pb_column][\/et_pb_row][\/et_pb_section][et_pb_section fb_built=\u00bb1&#8243; _builder_version=\u00bb3.12.1&#8243; background_color=\u00bb#F0F0F0&#8243;][et_pb_row custom_padding=\u00bb27px|0px|19px|0px|false|false\u00bb _builder_version=\u00bb3.12.1&#8243;][et_pb_column type=\u00bb1_2&#8243; _builder_version=\u00bb3.0.47&#8243; parallax=\u00bboff\u00bb parallax_method=\u00bbon\u00bb][et_pb_text _builder_version=\u00bb3.12.1&#8243; text_font=\u00bbArial||||||||\u00bb text_font_size=\u00bb20px\u00bb header_2_font=\u00bb||||||||\u00bb header_2_text_color=\u00bb#196090&#8243; header_2_font_size=\u00bb30px\u00bb]<\/p>\n<h2><span>\u00bfC\u00f3mo trabajamos en el Centro FS?<\/span><\/h2>\n<p><span>Nuestra tarea es\u00a0<strong>prevenir lesiones futuras<\/strong>\u00a0derivadas de la pr\u00e1ctica del deporte o sanar aquellas que ya han ocurrido. Para ello, tenemos en nuestro equipo de profesionales a un experto en Podolog\u00eda deportiva que estar\u00e1 encantado de atenderte en nuestro centro de Sevilla. Realizamos:\u00a0<\/p>\n<p>&#8211;\u00a0<strong>Estudio de la pisada<\/strong>\u00a0a trav\u00e9s de un an\u00e1lisis, tanto en est\u00e1tica como en din\u00e1mica con plataforma de presiones. Buscamos determinar el impacto de la pisada y de la marcha en otras partes del cuerpo, como la columna, la rodilla y la cadera.\u00a0<\/p>\n<p>&#8211;\u00a0<strong>Exploraci\u00f3n podol\u00f3gica<\/strong>\u00a0para evaluar el estado del pie, origen de dolores y posibles descompensaciones.\u00a0<\/p>\n<p>&#8211;\u00a0<strong>Dise\u00f1o de plantillas personalizadas<\/strong>\u00a0para prevenir lesiones deportivas. Especial para corredores y atletas, entre otros.<\/span><\/p>\n<p>[\/et_pb_text][\/et_pb_column][et_pb_column type=\u00bb1_2&#8243; _builder_version=\u00bb3.0.47&#8243; parallax=\u00bboff\u00bb parallax_method=\u00bbon\u00bb][et_pb_divider show_divider=\u00bboff\u00bb height=\u00bb51px\u00bb _builder_version=\u00bb3.12.1&#8243;][\/et_pb_divider][et_pb_image src=\u00bbhttps:\/\/centrofs.es\/wp-content\/uploads\/2019\/07\/podologia.jpg\u00bb _builder_version=\u00bb3.12.1&#8243;]&nbsp;<br \/>\n[\/et_pb_image][\/et_pb_column][\/et_pb_row][\/et_pb_section][et_pb_section fb_built=\u00bb1&#8243; _builder_version=\u00bb3.12.1&#8243; background_image=\u00bbhttps:\/\/centrofs.es\/wp-content\/uploads\/2019\/07\/section.jpg\u00bb][et_pb_row _builder_version=\u00bb3.12.1&#8243;][et_pb_column type=\u00bb1_2&#8243; _builder_version=\u00bb3.0.47&#8243; parallax=\u00bboff\u00bb parallax_method=\u00bbon\u00bb][et_pb_image src=\u00bbhttps:\/\/centrofs.es\/wp-content\/uploads\/2019\/07\/podologia_02.jpg\u00bb _builder_version=\u00bb3.12.1&#8243;]&nbsp;<br \/>\n[\/et_pb_image][\/et_pb_column][et_pb_column type=\u00bb1_2&#8243; _builder_version=\u00bb3.0.47&#8243; parallax=\u00bboff\u00bb parallax_method=\u00bbon\u00bb][et_pb_divider show_divider=\u00bboff\u00bb height=\u00bb51px\u00bb _builder_version=\u00bb3.12.1&#8243;][\/et_pb_divider][et_pb_text _builder_version=\u00bb3.12.1&#8243; text_font=\u00bbArial||||||||\u00bb text_font_size=\u00bb18px\u00bb header_2_font=\u00bbArial||||||||\u00bb header_2_text_color=\u00bb#196090&#8243; header_2_font_size=\u00bb30px\u00bb]<\/p>\n<h2><span>Prevenci\u00f3n y atenci\u00f3n Personalizada<\/span><\/h2>\n<p><span>Nuestra filosof\u00eda, adem\u00e1s de facilitarte la mejor atenci\u00f3n Personaliza en Sevilla, es prevenir problemas futuros y corregir los presentes.\u00a0<\/p>\n<p>Te asesoramos en cuanto al uso de calzado deportivo, calzado diario y otras herramientas que mejoren la firmeza de la pisada, as\u00ed como tu comodidad y tu confort.<\/span><\/p>\n<p>[\/et_pb_text][\/et_pb_column][\/et_pb_row][\/et_pb_section][et_pb_section fb_built=\u00bb1&#8243; _builder_version=\u00bb3.12.1&#8243; background_color=\u00bb#F0F0F0&#8243; global_module=\u00bb60&#8243; saved_tabs=\u00bball\u00bb][et_pb_row _builder_version=\u00bb3.12.1&#8243;][et_pb_column type=\u00bb1_2&#8243; _builder_version=\u00bb3.0.47&#8243; parallax=\u00bboff\u00bb parallax_method=\u00bbon\u00bb][et_pb_text _builder_version=\u00bb3.12.1&#8243;]<\/p>\n<p><iframe loading=\"lazy\" style=\"border: 0;\" src=\"https:\/\/www.google.com\/maps\/embed?pb=!1m14!1m8!1m3!1d12682.484639141858!2d-5.998138!3d37.37514!3m2!1i1024!2i768!4f13.1!3m3!1m2!1s0x0%3A0x9d5ef571fe22138!2sCentro+FS!5e0!3m2!1ses-419!2ses!4v1563976964058!5m2!1ses-419!2ses\" width=\"800\" height=\"600\" frameborder=\"0\" allowfullscreen=\"allowfullscreen\"><\/iframe><\/p>\n<p>[\/et_pb_text][\/et_pb_column][et_pb_column type=\u00bb1_2&#8243; _builder_version=\u00bb3.0.47&#8243; parallax=\u00bboff\u00bb parallax_method=\u00bbon\u00bb][et_pb_text _builder_version=\u00bb3.12.1&#8243; text_font=\u00bbArial||||||||\u00bb text_font_size=\u00bb21px\u00bb header_2_font=\u00bbArial||||||||\u00bb header_2_text_color=\u00bb#196090&#8243; header_2_font_size=\u00bb30px\u00bb]<\/p>\n<h2 style=\"text-align: center;\">Pide informaci\u00f3n sobre nuestros servicios y sesiones aqu\u00ed<\/h2>\n<p>[\/et_pb_text][et_pb_contact_form module_id=\u00bbet_pb_contact_form_0&#8243; _builder_version=\u00bb3.12.1&#8243; form_field_font=\u00bb||||||||\u00bb][et_pb_contact_field field_id=\u00bbName\u00bb field_title=\u00bbNombre\u00bb _builder_version=\u00bb3.12.1&#8243; border_radii=\u00bbon||||\u00bb][\/et_pb_contact_field][et_pb_contact_field field_id=\u00bbEmail\u00bb field_title=\u00bbDirecci\u00f3n de correo electr\u00f3nico\u00bb field_type=\u00bbemail\u00bb _builder_version=\u00bb3.12.1&#8243; form_field_font=\u00bb||||||||\u00bb border_radii=\u00bbon||||\u00bb][\/et_pb_contact_field][et_pb_contact_field field_id=\u00bbtelefonos\u00bb field_title=\u00bbTel\u00e9fono\u00bb fullwidth_field=\u00bbon\u00bb _builder_version=\u00bb3.12.1&#8243;][\/et_pb_contact_field][et_pb_contact_field field_id=\u00bbMessage\u00bb field_title=\u00bbMensaje\u00bb field_type=\u00bbtext\u00bb fullwidth_field=\u00bbon\u00bb _builder_version=\u00bb3.0.87&#8243; border_radii=\u00bbon||||\u00bb][\/et_pb_contact_field][et_pb_contact_field field_id=\u00bbcheck\u00bb field_title=\u00bb.\u00bb field_type=\u00bbcheckbox\u00bb checkbox_options=\u00bb%91{%22value%22:%22He le\u00eddo y acepto la Politica de Privacidad%22,%22checked%22:0,%22dragID%22:-1,%22link_url%22:%22\/politica-de-privacidad\/%22,%22link_text%22:%22%22}%93&#8243; fullwidth_field=\u00bbon\u00bb _builder_version=\u00bb3.12.1&#8243;][\/et_pb_contact_field][\/et_pb_contact_form][et_pb_image src=\u00bbhttps:\/\/centrofs.es\/wp-content\/uploads\/2019\/07\/geotag_l.png\u00bb url=\u00bbhttps:\/\/sytelmedia.com\u00bb align=\u00bbcenter\u00bb _builder_version=\u00bb3.12.1&#8243;][\/et_pb_image][\/et_pb_column][\/et_pb_row][\/et_pb_section][et_pb_section fb_built=\u00bb1&#8243; _builder_version=\u00bb3.12.1&#8243; background_color=\u00bb#0D2334&#8243; global_module=\u00bb71&#8243; saved_tabs=\u00bball\u00bb][et_pb_row _builder_version=\u00bb3.12.1&#8243;][et_pb_column type=\u00bb1_4&#8243; _builder_version=\u00bb3.0.47&#8243; parallax=\u00bboff\u00bb parallax_method=\u00bbon\u00bb][et_pb_text _builder_version=\u00bb3.12.1&#8243; text_font=\u00bb||||||||\u00bb text_text_color=\u00bb#ffffff\u00bb]<\/p>\n<p><strong>CENTRO FS<\/strong><\/p>\n<p>Calle Virgen del Valle 73<br \/>41011 &#8211; Sevilla<\/p>\n<p>[\/et_pb_text][\/et_pb_column][et_pb_column type=\u00bb1_4&#8243; _builder_version=\u00bb3.0.47&#8243; parallax=\u00bboff\u00bb parallax_method=\u00bbon\u00bb][et_pb_text _builder_version=\u00bb3.12.1&#8243; text_font=\u00bb||||||||\u00bb text_text_color=\u00bb#ffffff\u00bb]<\/p>\n<p><strong>Horario de atenci\u00f3n<\/strong><\/p>\n<p>De lunes a viernes<br \/>De 08:00 a 21:30 horas<\/p>\n<p>[\/et_pb_text][\/et_pb_column][et_pb_column type=\u00bb1_4&#8243; _builder_version=\u00bb3.0.47&#8243; parallax=\u00bboff\u00bb parallax_method=\u00bbon\u00bb][et_pb_text _builder_version=\u00bb3.12.1&#8243; text_font=\u00bb||||||||\u00bb text_text_color=\u00bb#ffffff\u00bb]<\/p>\n<p><strong>Horario de atenci\u00f3n<\/strong><\/p>\n<p><span style=\"font-size: x-large;\">955 29 21 22<\/span><\/p>\n<p>[\/et_pb_text][\/et_pb_column][et_pb_column type=\u00bb1_4&#8243; _builder_version=\u00bb3.0.47&#8243; parallax=\u00bboff\u00bb parallax_method=\u00bbon\u00bb][et_pb_text _builder_version=\u00bb3.12.1&#8243; text_font=\u00bb||||||||\u00bb text_text_color=\u00bb#ffffff\u00bb]<strong>Vis\u00edtenos en:<\/strong><\/p>\n<table cellpadding=\"5px\">\n<tbody>\n<tr>\n<td><a href=\"https:\/\/es-es.facebook.com\/pages\/category\/Medical---Health\/Centro-FS-187819381875140\/\" target=\"_blank\" rel=\"noopener noreferrer\"><img decoding=\"async\" src=\"https:\/\/www.centrofs.es\/media\/images\/upload\/facebook_02.png\" \/><\/a><\/td>\n<td><a href=\"https:\/\/www.instagram.com\/centrofssevilla\/?hl=es\" target=\"_blank\" rel=\"noopener noreferrer\"><img decoding=\"async\" src=\"\/wp-content\/uploads\/2019\/07\/instagram_01.png\" \/><\/a><\/td>\n<\/tr>\n<\/tbody>\n<\/table>\n<p>[\/et_pb_text][\/et_pb_column][\/et_pb_row][\/et_pb_section]<\/p>\n","protected":false},"excerpt":{"rendered":"<p>Dise\u00f1o de plantillas personalizadas \u2013 Estudio de pisadaPodolog\u00eda Deportiva En el Centro FS tenemos m\u00e1s de 25 a\u00f1os tratando a deportistas, atletas, futbolistas y otros jugadores de \u00e9lite. Contamos con diferentes \u00e1reas de atenci\u00f3n entre las que destaca nuestra secci\u00f3n de podolog\u00eda deportiva en Sevilla. Ven y conoce de primera mano a nuestro equipo de [&hellip;]<\/p>\n","protected":false},"author":1,"featured_media":0,"parent":0,"menu_order":0,"comment_status":"closed","ping_status":"closed","template":"","meta":{"_et_pb_use_builder":"on","_et_pb_old_content":"","_et_gb_content_width":"","footnotes":""},"_links":{"self":[{"href":"https:\/\/centrofs.es\/index.php\/wp-json\/wp\/v2\/pages\/101"}],"collection":[{"href":"https:\/\/centrofs.es\/index.php\/wp-json\/wp\/v2\/pages"}],"about":[{"href":"https:\/\/centrofs.es\/index.php\/wp-json\/wp\/v2\/types\/page"}],"author":[{"embeddable":true,"href":"https:\/\/centrofs.es\/index.php\/wp-json\/wp\/v2\/users\/1"}],"replies":[{"embeddable":true,"href":"https:\/\/centrofs.es\/index.php\/wp-json\/wp\/v2\/comments?post=101"}],"version-history":[{"count":7,"href":"https:\/\/centrofs.es\/index.php\/wp-json\/wp\/v2\/pages\/101\/revisions"}],"predecessor-version":[{"id":211,"href":"https:\/\/centrofs.es\/index.php\/wp-json\/wp\/v2\/pages\/101\/revisions\/211"}],"wp:attachment":[{"href":"https:\/\/centrofs.es\/index.php\/wp-json\/wp\/v2\/media?parent=101"}],"curies":[{"name":"wp","href":"https:\/\/api.w.org\/{rel}","templated":true}]}}