{"id":170,"date":"2019-07-24T18:24:21","date_gmt":"2019-07-24T16:24:21","guid":{"rendered":"http:\/\/centrofs.es\/?page_id=170"},"modified":"2019-07-24T18:34:42","modified_gmt":"2019-07-24T16:34:42","slug":"aviso-legal","status":"publish","type":"page","link":"https:\/\/centrofs.es\/index.php\/aviso-legal\/","title":{"rendered":"Aviso Legal"},"content":{"rendered":"<p>[et_pb_section fb_built=\u00bb1&#8243; fullwidth=\u00bbon\u00bb _builder_version=\u00bb3.12.1&#8243;][et_pb_fullwidth_slider _builder_version=\u00bb3.12.1&#8243;][et_pb_slide heading=\u00bb\u00c1rea de Entrenamiento y Readaptaci\u00f3n de Lesiones\u00bb button_text=\u00bbContacta ahora\u00bb _builder_version=\u00bb3.12.1&#8243; header_font=\u00bb|700|||||||\u00bb header_text_shadow_style=\u00bbpreset1&#8243; body_font=\u00bb|700|||||||\u00bb body_text_shadow_style=\u00bbpreset1&#8243; background_image=\u00bbhttps:\/\/centrofs.es\/wp-content\/uploads\/2019\/07\/body-background.jpg\u00bb custom_button=\u00bbon\u00bb button_font=\u00bb|700|||||||\u00bb box_shadow_style_button=\u00bbpreset2&#8243;]Mejora del rendimiento deportivo \u2013 Patolog\u00edas \u2013 Cambio composici\u00f3n corporal \u2013 Calidad de Vida<br \/>\n[\/et_pb_slide][\/et_pb_fullwidth_slider][\/et_pb_section][et_pb_section fb_built=\u00bb1&#8243; _builder_version=\u00bb3.12.1&#8243;][et_pb_row _builder_version=\u00bb3.12.1&#8243;][et_pb_column type=\u00bb4_4&#8243; _builder_version=\u00bb3.0.47&#8243; parallax=\u00bboff\u00bb parallax_method=\u00bbon\u00bb][et_pb_text _builder_version=\u00bb3.12.1&#8243; text_font=\u00bbArial||||||||\u00bb text_font_size=\u00bb21px\u00bb header_font=\u00bb||||||||\u00bb header_text_color=\u00bb#085182&#8243;]<\/p>\n<h1 style=\"text-align: center;\">AVISO LEGAL<\/h1>\n<hr \/>\n<p>&nbsp;<\/p>\n<p>[\/et_pb_text][et_pb_text _builder_version=\u00bb3.12.1&#8243; text_font=\u00bbArial||||||||\u00bb text_font_size=\u00bb21px\u00bb header_2_font=\u00bb||||||||\u00bb header_2_text_color=\u00bb#196090&#8243; header_2_font_size=\u00bb30px\u00bb text_line_height=\u00bb1.8em\u00bb]<\/p>\n<h2><span>Identificaci\u00f3n del titular<\/span><\/h2>\n<p><span><strong>LUIS EMILIO FOBELO SANCHEZ,\u00a0<\/strong>con domicilio social situado en\u00a0<strong>C\/ VIRGEN DEL VALLE, 73. 41011 &#8211; SEVILLA\u00a0<\/strong>\u00a0y cuyo CIF es\u00a0<strong>77811060-J.<\/strong><\/span><\/p>\n<h2><span>Condiciones de uso<\/span><\/h2>\n<p><span>Mediante esta web se facilita el acceso al Portal web para ofrecer a los Usuarios el acceso general a la informaci\u00f3n, actividades, productos y servicios que la citada entidad ofrece. El hecho de conectarse a esta p\u00e1gina web atribuye al navegante la condici\u00f3n de Usuario del Sitio, lo cual implica la aceptaci\u00f3n del presente Aviso Legal. Por ello,\u00a0<strong>LUIS EMILIO FOBELO SANCHEZ,\u00a0<\/strong>recomienda al Usuario leerlo cada vez que acceda al Sitio web.<\/span><\/p>\n<p><span>El Usuario se compromete a no utilizar cualquiera de los contenidos que\u00a0<strong>LUIS EMILIO FOBELO SANCHEZ,\u00a0<\/strong>ponga a su disposici\u00f3n para desarrollar actividades contrarias a las leyes, a la moral o al orden p\u00fablico y, en general, a hacer un uso conforme a las presentes condiciones; y responder\u00e1 frente a\u00a0<strong>LUIS EMILIO FOBELO SANCHEZ,\u00a0<\/strong>y\/o frente a terceros, de cualesquiera da\u00f1os y perjuicios que pudieran causarse como consecuencia del incumplimiento de dicha obligaci\u00f3n. Quien utiliza este sitio web, lo hace por su propia responsabilidad.\u00a0<strong>LUIS EMILIO FOBELO SANCHEZ,\u00a0<\/strong>se reserva el derecho a interrumpir el acceso a su Sitio web, a servicios y contenidos del Portal, de manera temporal o definitiva, cuando as\u00ed lo estime conveniente y sin previo aviso, ya sea por motivos t\u00e9cnicos, de seguridad, de control, de mantenimiento, por fallos de suministro el\u00e9ctrico o por cualquier otra causa.\u00a0<strong>LUIS EMILIO FOBELO SANCHEZ,\u00a0<\/strong>se reserva el derecho a alterar, en cualquier momento y sin previo aviso, la configuraci\u00f3n, presentaci\u00f3n o el dise\u00f1o, de su web, as\u00ed como algunos o todos los contenidos, y modificar las condiciones de uso expuestas en este Aviso Legal.<\/span><\/p>\n<h2><span>Pol\u00edtica de privacidad y protecci\u00f3n de datos<\/span><\/h2>\n<p><span>Todos los datos de car\u00e1cter personal que sean facilitados por el Usuario a trav\u00e9s del env\u00edo de un correo electr\u00f3nico ser\u00e1n tratados con estricta confidencialidad de acuerdo con la Ley Org\u00e1nica 15\/1999, de 13 de diciembre, de Protecci\u00f3n de Datos de car\u00e1cter personal. De modo expreso, el Usuario queda informado de que los mismos ser\u00e1n incorporados a ficheros existentes en\u00a0<strong>LUIS EMILIO FOBELO SANCHEZ,\u00a0<\/strong>y que tiene derecho de acceso, rectificaci\u00f3n, cancelaci\u00f3n y oposici\u00f3n del mismo, pudiendo ejercitar tales derechos enviando por escrito una solicitud a la direcci\u00f3n de<strong>\u00a0LUIS EMILIO FOBELO SANCHEZ,\u00a0<\/strong>, en la que conste el fichero o ficheros a consultar. Mediante el env\u00edo de un mensaje de correo electr\u00f3nico por parte del Usuario, el remitente presta su consentimiento al tratamiento automatizado de los datos incluidos en el mismo. Los datos que se faciliten ser\u00e1n utilizados para fines comerciales, siendo sus destinatarios los servicios administrativos, comerciales y t\u00e9cnicos de\u00a0<strong>LUIS EMILIO FOBELO SANCHEZ,\u00a0<\/strong>adoptar\u00e1 las medidas necesarias para evitar la alteraci\u00f3n, tratamiento, p\u00e9rdida o acceso no autorizado de los datos de car\u00e1cter personal, teniendo en cuenta el estado de la tecnolog\u00eda, la naturaleza de los datos almacenados y los riesgos a que est\u00e1n expuestos, en aras del cumplimiento de su obligaci\u00f3n de secreto y de su deber de guarda de los mismos.<\/span><\/p>\n<p><span>De igual forma,\u00a0<strong>LUIS EMILIO FOBELO SANCHEZ,\u00a0<\/strong>queda autorizada para enviar al Usuario informaciones comerciales y t\u00e9cnicas de sus productos. En el caso de comunicaciones comerciales y t\u00e9cnicas enviadas a trav\u00e9s de correo electr\u00f3nico o medio equivalente, el Usuario nos presta su consentimiento expreso para el env\u00edo de publicidad por dicho medio.<\/span><\/p>\n<h2><span>Responsabilidad<\/span><\/h2>\n<p><span><strong>LUIS EMILIO FOBELO SANCHEZ,\u00a0<\/strong>no se responsabiliza de la mala utilizaci\u00f3n que por parte de los Usuarios de Internet hagan de los contenidos de la p\u00e1gina web, siendo el Usuario el \u00fanico responsable de las infracciones en que pueda incurrir. Del mismo modo, rechaza la responsabilidad sobre cualquier informaci\u00f3n no contenida en estas p\u00e1ginas web y, por tanto, no elaborada por\u00a0<strong>LUIS EMILIO FOBELO SANCHEZ,\u00a0<\/strong>o no publicada con su nombre.\u00a0<strong>LUIS EMILIO FOBELO SANCHEZ,\u00a0<\/strong>no ser\u00e1 responsable en caso de que existan interrupciones del servicio, demoras, errores, mal funcionamiento del mismo y, en general, dem\u00e1s inconvenientes que tengan su origen en causas que escapan del control de<strong>\u00a0LUIS EMILIO FOBELO SANCHEZ,\u00a0<\/strong>, y\/o debida a una actuaci\u00f3n dolosa o culposa del Usuario y\/o tenga por origen causas de fuerza mayor. Sin perjuicio de lo establecido en el art\u00edculo 1105 del C\u00f3digo Civil, se entender\u00e1n por causas de fuerza mayor, adem\u00e1s, y a los efectos de las presentes condiciones generales, todos aquellos acontecimientos acaecidos fuera del control de\u00a0<strong>LUIS EMILIO FOBELO SANCHEZ,\u00a0<\/strong>, tales como: fallo de terceros, operadores o compa\u00f1\u00edas de servicios, actos de Gobierno, falta de acceso a redes de terceros, actos u omisiones de las autoridades p\u00fablicas, aquellos otros producidos como consecuencia de fen\u00f3menos naturales, apagones, etc. y el ataque de Hackers, o terceros especializados, a la seguridad o integridad del sistema inform\u00e1tico, siempre que\u00a0<strong>LUIS EMILIO FOBELO SANCHEZ,\u00a0<\/strong>haya adoptado todas las medidas de seguridad existentes de acuerdo con el estado de la t\u00e9cnica. En cualquier caso, sea cual fuere su causa,\u00a0<strong>LUIS EMILIO FOBELO SANCHEZ,\u00a0<\/strong>no asumir\u00e1 responsabilidad alguna ya sea por da\u00f1os directos o indirectos, da\u00f1o emergente y\/o por lucro cesante.\u00a0<strong>LUIS EMILIO FOBELO SANCHEZ,\u00a0<\/strong>tendr\u00e1 derecho, sin que exista indemnizaci\u00f3n alguna al Usuario por estos conceptos, a suspender temporalmente los servicios y contenidos del Sitio web para efectuar operaciones de mantenimiento, mejora o reparaci\u00f3n de los mismos.<\/span><\/p>\n<p><span><strong>LUIS EMILIO FOBELO SANCHEZ,\u00a0<\/strong>no ser\u00e1 responsable de posibles da\u00f1os y perjuicios que se puedan derivar en los equipos de los Usuarios por posibles virus inform\u00e1ticos contra\u00eddos por el Usuario a causa de su navegaci\u00f3n en el Sitio web, o por cualquier otro da\u00f1o derivado de esa navegaci\u00f3n.\u00a0<strong>LUIS EMILIO FOBELO SANCHEZ,\u00a0<\/strong>no se hace responsable de la veracidad, falta de utilidad o adecuaci\u00f3n para un uso espec\u00edfico del presente Sitio web ni de los contenidos; de la p\u00e9rdida de datos o servicios como consecuencia de cualquier retraso, falta de entrega, entrega incorrecta de los productos expuestos o interrupci\u00f3n del servicio; de la exactitud, calidad o naturaleza de la informaci\u00f3n obtenida a trav\u00e9s de sus contenidos.<\/span><\/p>\n<p><span>En cualquier caso, la informaci\u00f3n proporcionada en este Sitio web est\u00e1 dirigida a complementar y no a reemplazar el asesoramiento que en todo caso debe obtenerse directamente de profesionales competentes.<\/span><\/p>\n<h2><span>Jurisdicci\u00f3n y ley aplicable<\/span><\/h2>\n<p><span>Para cualquier controversia relacionada con el presente aviso legal las partes aceptan el sometimiento expreso a los juzgados del domicilio fiscal de\u00a0<strong>LUIS EMILIO FOBELO SANCHEZ,\u00a0<\/strong>(Espa\u00f1a) y la legislaci\u00f3n estatal y auton\u00f3mica correspondiente.<\/span>[\/et_pb_text][\/et_pb_column][\/et_pb_row][\/et_pb_section][et_pb_section fb_built=\u00bb1&#8243; _builder_version=\u00bb3.12.1&#8243; background_color=\u00bb#F0F0F0&#8243; global_module=\u00bb60&#8243;][et_pb_row _builder_version=\u00bb3.12.1&#8243;][et_pb_column type=\u00bb1_2&#8243; _builder_version=\u00bb3.0.47&#8243; parallax=\u00bboff\u00bb parallax_method=\u00bbon\u00bb][et_pb_text _builder_version=\u00bb3.12.1&#8243;]<\/p>\n<p><iframe loading=\"lazy\" style=\"border: 0;\" src=\"https:\/\/www.google.com\/maps\/embed?pb=!1m14!1m8!1m3!1d12682.484639141858!2d-5.998138!3d37.37514!3m2!1i1024!2i768!4f13.1!3m3!1m2!1s0x0%3A0x9d5ef571fe22138!2sCentro+FS!5e0!3m2!1ses-419!2ses!4v1563976964058!5m2!1ses-419!2ses\" width=\"800\" height=\"600\" frameborder=\"0\" allowfullscreen=\"allowfullscreen\"><\/iframe><\/p>\n<p>[\/et_pb_text][\/et_pb_column][et_pb_column type=\u00bb1_2&#8243; _builder_version=\u00bb3.0.47&#8243; parallax=\u00bboff\u00bb parallax_method=\u00bbon\u00bb][et_pb_text _builder_version=\u00bb3.12.1&#8243; text_font=\u00bbArial||||||||\u00bb text_font_size=\u00bb21px\u00bb header_2_font=\u00bbArial||||||||\u00bb header_2_text_color=\u00bb#196090&#8243; header_2_font_size=\u00bb30px\u00bb]<\/p>\n<h2 style=\"text-align: center;\">Pide informaci\u00f3n sobre nuestros servicios y sesiones aqu\u00ed<\/h2>\n<p>[\/et_pb_text][et_pb_contact_form module_id=\u00bbet_pb_contact_form_0&#8243; _builder_version=\u00bb3.12.1&#8243; form_field_font=\u00bb||||||||\u00bb][et_pb_contact_field field_id=\u00bbName\u00bb field_title=\u00bbNombre\u00bb _builder_version=\u00bb3.12.1&#8243; border_radii=\u00bbon||||\u00bb][\/et_pb_contact_field][et_pb_contact_field field_id=\u00bbEmail\u00bb field_title=\u00bbDirecci\u00f3n de correo electr\u00f3nico\u00bb field_type=\u00bbemail\u00bb _builder_version=\u00bb3.12.1&#8243; form_field_font=\u00bb||||||||\u00bb border_radii=\u00bbon||||\u00bb][\/et_pb_contact_field][et_pb_contact_field field_id=\u00bbtelefonos\u00bb field_title=\u00bbTel\u00e9fono\u00bb fullwidth_field=\u00bbon\u00bb _builder_version=\u00bb3.12.1&#8243;][\/et_pb_contact_field][et_pb_contact_field field_id=\u00bbMessage\u00bb field_title=\u00bbMensaje\u00bb field_type=\u00bbtext\u00bb fullwidth_field=\u00bbon\u00bb _builder_version=\u00bb3.0.87&#8243; border_radii=\u00bbon||||\u00bb][\/et_pb_contact_field][et_pb_contact_field field_id=\u00bbcheck\u00bb field_title=\u00bb.\u00bb field_type=\u00bbcheckbox\u00bb checkbox_options=\u00bb%91{%22value%22:%22He le\u00eddo y acepto la Politica de Privacidad%22,%22checked%22:0,%22dragID%22:-1,%22link_url%22:%22\/politica-de-privacidad\/%22,%22link_text%22:%22%22}%93&#8243; fullwidth_field=\u00bbon\u00bb _builder_version=\u00bb3.12.1&#8243;][\/et_pb_contact_field][\/et_pb_contact_form][\/et_pb_column][\/et_pb_row][\/et_pb_section][et_pb_section fb_built=\u00bb1&#8243; _builder_version=\u00bb3.12.1&#8243; background_color=\u00bb#0D2334&#8243; global_module=\u00bb71&#8243;][et_pb_row _builder_version=\u00bb3.12.1&#8243;][et_pb_column type=\u00bb1_4&#8243; _builder_version=\u00bb3.0.47&#8243; parallax=\u00bboff\u00bb parallax_method=\u00bbon\u00bb][et_pb_text _builder_version=\u00bb3.12.1&#8243; text_font=\u00bb||||||||\u00bb text_text_color=\u00bb#ffffff\u00bb]<\/p>\n<p><strong>CENTRO FS<\/strong><\/p>\n<p>Calle Virgen del Valle 73<br \/>41011 &#8211; Sevilla<\/p>\n<p>[\/et_pb_text][\/et_pb_column][et_pb_column type=\u00bb1_4&#8243; _builder_version=\u00bb3.0.47&#8243; parallax=\u00bboff\u00bb parallax_method=\u00bbon\u00bb][et_pb_text _builder_version=\u00bb3.12.1&#8243; text_font=\u00bb||||||||\u00bb text_text_color=\u00bb#ffffff\u00bb]<\/p>\n<p><strong>Horario de atenci\u00f3n<\/strong><\/p>\n<p>De lunes a viernes<br \/>De 08:00 a 21:30 horas<\/p>\n<p>[\/et_pb_text][\/et_pb_column][et_pb_column type=\u00bb1_4&#8243; _builder_version=\u00bb3.0.47&#8243; parallax=\u00bboff\u00bb parallax_method=\u00bbon\u00bb][et_pb_text _builder_version=\u00bb3.12.1&#8243; text_font=\u00bb||||||||\u00bb text_text_color=\u00bb#ffffff\u00bb]<\/p>\n<p><strong>Horario de atenci\u00f3n<\/strong><\/p>\n<p><span style=\"font-size: x-large;\">955 29 21 22<\/span><\/p>\n<p>[\/et_pb_text][\/et_pb_column][et_pb_column type=\u00bb1_4&#8243; _builder_version=\u00bb3.0.47&#8243; parallax=\u00bboff\u00bb parallax_method=\u00bbon\u00bb][et_pb_text _builder_version=\u00bb3.12.1&#8243; text_font=\u00bb||||||||\u00bb text_text_color=\u00bb#ffffff\u00bb]<\/p>\n<p><strong>Vis\u00edtenos en:<\/strong><\/p>\n<table cellpadding=\"5px\">\n<tbody>\n<tr>\n<td><a href=\"https:\/\/es-es.facebook.com\/pages\/category\/Medical---Health\/Centro-FS-187819381875140\/\" target=\"_blank\" rel=\"noopener noreferrer\"><img decoding=\"async\" src=\"https:\/\/www.centrofs.es\/media\/images\/upload\/facebook_02.png\" \/><\/a><\/td>\n<td><a href=\"https:\/\/www.instagram.com\/centrofssevilla\/?hl=es\" target=\"_blank\" rel=\"noopener noreferrer\"><img decoding=\"async\" src=\"\/wp-content\/uploads\/2019\/07\/instagram_02.png\" \/><\/a><\/td>\n<\/tr>\n<\/tbody>\n<\/table>\n<p>[\/et_pb_text][\/et_pb_column][\/et_pb_row][\/et_pb_section]<\/p>\n","protected":false},"excerpt":{"rendered":"<p>Mejora del rendimiento deportivo \u2013 Patolog\u00edas \u2013 Cambio composici\u00f3n corporal \u2013 Calidad de Vida AVISO LEGAL &nbsp; Identificaci\u00f3n del titular LUIS EMILIO FOBELO SANCHEZ,\u00a0con domicilio social situado en\u00a0C\/ VIRGEN DEL VALLE, 73. 41011 &#8211; SEVILLA\u00a0\u00a0y cuyo CIF es\u00a077811060-J. Condiciones de uso Mediante esta web se facilita el acceso al Portal web para ofrecer a los [&hellip;]<\/p>\n","protected":false},"author":1,"featured_media":0,"parent":0,"menu_order":0,"comment_status":"closed","ping_status":"closed","template":"","meta":{"_et_pb_use_builder":"on","_et_pb_old_content":"","_et_gb_content_width":"","footnotes":""},"_links":{"self":[{"href":"https:\/\/centrofs.es\/index.php\/wp-json\/wp\/v2\/pages\/170"}],"collection":[{"href":"https:\/\/centrofs.es\/index.php\/wp-json\/wp\/v2\/pages"}],"about":[{"href":"https:\/\/centrofs.es\/index.php\/wp-json\/wp\/v2\/types\/page"}],"author":[{"embeddable":true,"href":"https:\/\/centrofs.es\/index.php\/wp-json\/wp\/v2\/users\/1"}],"replies":[{"embeddable":true,"href":"https:\/\/centrofs.es\/index.php\/wp-json\/wp\/v2\/comments?post=170"}],"version-history":[{"count":6,"href":"https:\/\/centrofs.es\/index.php\/wp-json\/wp\/v2\/pages\/170\/revisions"}],"predecessor-version":[{"id":180,"href":"https:\/\/centrofs.es\/index.php\/wp-json\/wp\/v2\/pages\/170\/revisions\/180"}],"wp:attachment":[{"href":"https:\/\/centrofs.es\/index.php\/wp-json\/wp\/v2\/media?parent=170"}],"curies":[{"name":"wp","href":"https:\/\/api.w.org\/{rel}","templated":true}]}}