{"id":182,"date":"2019-07-24T18:37:31","date_gmt":"2019-07-24T16:37:31","guid":{"rendered":"http:\/\/centrofs.es\/?page_id=182"},"modified":"2019-07-24T18:39:56","modified_gmt":"2019-07-24T16:39:56","slug":"politica-de-cookies","status":"publish","type":"page","link":"https:\/\/centrofs.es\/index.php\/politica-de-cookies\/","title":{"rendered":"Pol\u00edtica de Cookies"},"content":{"rendered":"<p>[et_pb_section fb_built=\u00bb1&#8243; fullwidth=\u00bbon\u00bb _builder_version=\u00bb3.12.1&#8243;][et_pb_fullwidth_slider _builder_version=\u00bb3.12.1&#8243;][et_pb_slide heading=\u00bb\u00c1rea de Entrenamiento y Readaptaci\u00f3n de Lesiones\u00bb button_text=\u00bbContacta ahora\u00bb _builder_version=\u00bb3.12.1&#8243; header_font=\u00bb|700|||||||\u00bb header_text_shadow_style=\u00bbpreset1&#8243; body_font=\u00bb|700|||||||\u00bb body_text_shadow_style=\u00bbpreset1&#8243; background_image=\u00bbhttps:\/\/centrofs.es\/wp-content\/uploads\/2019\/07\/body-background.jpg\u00bb custom_button=\u00bbon\u00bb button_font=\u00bb|700|||||||\u00bb box_shadow_style_button=\u00bbpreset2&#8243;]Mejora del rendimiento deportivo \u2013 Patolog\u00edas \u2013 Cambio composici\u00f3n corporal \u2013 Calidad de Vida<br \/>\n[\/et_pb_slide][\/et_pb_fullwidth_slider][\/et_pb_section][et_pb_section fb_built=\u00bb1&#8243; _builder_version=\u00bb3.12.1&#8243;][et_pb_row _builder_version=\u00bb3.12.1&#8243;][et_pb_column type=\u00bb4_4&#8243; _builder_version=\u00bb3.0.47&#8243; parallax=\u00bboff\u00bb parallax_method=\u00bbon\u00bb][et_pb_text _builder_version=\u00bb3.12.1&#8243; text_font=\u00bbArial||||||||\u00bb text_font_size=\u00bb21px\u00bb header_font=\u00bb||||||||\u00bb header_text_color=\u00bb#085182&#8243;]<\/p>\n<h1 style=\"text-align: center;\">POL\u00cdTICA DE COOKIES<\/h1>\n<hr \/>\n<p>&nbsp;<\/p>\n<p>[\/et_pb_text][et_pb_text _builder_version=\u00bb3.12.1&#8243; text_font=\u00bbArial||||||||\u00bb text_font_size=\u00bb21px\u00bb text_line_height=\u00bb1.8em\u00bb header_2_font=\u00bb||||||||\u00bb header_2_text_color=\u00bb#196090&#8243; header_2_font_size=\u00bb30px\u00bb]<\/p>\n<h2><span>\u00bfQu\u00e9 son las cookies?<\/span><span><\/span><\/h2>\n<p>Una cookie es un fichero que se descarga en su ordenador al acceder a determinadas p\u00e1ginas web. Las cookies permiten a una p\u00e1gina web, entre otras cosas, almacenar y recuperar informaci\u00f3n sobre los h\u00e1bitos de navegaci\u00f3n de un usuario o de su equipo y, dependiendo de la informaci\u00f3n que contengan y de la forma en que utilice su equipo, pueden utilizarse para reconocer al usuario.<\/p>\n<h2><span>\u00bfQu\u00e9 tipos de cookies utiliza esta p\u00e1gina web?<\/span><span><\/span><\/h2>\n<p><strong>\u2022 Cookies propias:<\/strong><span>\u00a0<\/span>Son aqu\u00e9llas que se env\u00edan al equipo terminal del usuario desde un equipo o dominio gestionado por el propio editor y desde el que se presta el servicio solicitado por el usuario.<\/p>\n<p><strong>\u2022 Cookies de tercero:<\/strong><span>\u00a0<\/span>Son aqu\u00e9llas que se env\u00edan al equipo terminal del usuario desde un equipo o dominio que no es gestionado por el editor, sino por otra entidad que trata los datos obtenidos trav\u00e9s de las cookies.<\/p>\n<p><strong>\u2022 Cookies de sesi\u00f3n:<\/strong><span>\u00a0<\/span>Son un tipo de cookies dise\u00f1adas para recabar y almacenar datos mientras el usuario accede a una p\u00e1gina web.<\/p>\n<p><strong>\u2022 Cookies persistentes:<\/strong><span>\u00a0<\/span>Son un tipo de cookies en el que los datos siguen almacenados en el terminal y pueden ser accedidos y tratados durante un periodo definido por el responsable de la cookie, y que puede ir de unos minutos a varios a\u00f1os.<\/p>\n<p><strong>\u2022 Cookies de an\u00e1lisis:<span>\u00a0<\/span><\/strong>Son aqu\u00e9llas que bien tratadas por nosotros o por terceros, nos permiten cuantificar el n\u00famero de usuarios y as\u00ed realizar la medici\u00f3n y an\u00e1lisis estad\u00edstico de la utilizaci\u00f3n que hacen los usuarios del servicio ofertado. Para ello se analiza su navegaci\u00f3n en nuestra p\u00e1gina web con el fin de mejorar la oferta de productos o servicios que le ofrecemos. Las condiciones de utilizaci\u00f3n de estas cookies y la informaci\u00f3n recopilada se regula por la pol\u00edtica de privacidad de la herramienta de anal\u00edtica correspondiente:<\/p>\n<p><span>\u2714<\/span><span>\u00a0<\/span><a href=\"https:\/\/piwik.org\/blog\/2011\/03\/piwik-1-2-custom-variables-first-party-cookies-and-more\/\"><strong>Piwik<\/strong><\/a><br \/><span>\u2714<\/span><span>\u00a0<\/span><a href=\"https:\/\/www.google.com\/policies\/privacy\/\"><strong>Google Analytics<\/strong><\/a><br \/><span>\u2714<\/span><span>\u00a0<\/span><a href=\"https:\/\/www.crazyegg.com\/privacy\"><strong>Crazy Egg<\/strong><\/a><\/p>\n<p><strong>\u2022 Cookies publicitarias:<span>\u00a0<\/span><\/strong>Son aqu\u00e9llas que permiten la gesti\u00f3n, de la forma m\u00e1s eficaz posible, de los espacios publicitarios que, en su caso, el editor haya incluido en una p\u00e1gina web, aplicaci\u00f3n o plataforma desde la que presta el servicio solicitado en base a criterios como el contenido editado o la frecuencia en la que se muestran los anuncios.<\/p>\n<p><strong>\u2022 Cookies de publicidad comportamental:<span>\u00a0<\/span><\/strong>Son aqu\u00e9llas que permiten la gesti\u00f3n, de la forma m\u00e1s eficaz posible, de los espacios publicitarios que, en su caso, el editor haya incluido en una p\u00e1gina web, aplicaci\u00f3n o plataforma desde la que presta el servicio solicitado. Estas cookies almacenan informaci\u00f3n del comportamiento de los usuarios obtenida a trav\u00e9s de la observaci\u00f3n continuada de sus h\u00e1bitos de navegaci\u00f3n, lo que permite desarrollar un perfil espec\u00edfico para mostrar publicidad en funci\u00f3n del mismo<\/p>\n<p><strong>\u2022 Cookies sociales:<span>\u00a0<\/span><\/strong>Cookies de redes sociales externas, que se utilizan para que los visitantes puedan interactuar con el contenido de diferentes plataformas sociales (Facebook, Google, Twitter, LinkedIn, Addthis, etc.) y que se generan \u00fanicamente para los usuarios de dichas redes sociales. Las condiciones de utilizaci\u00f3n de estas cookies y la informaci\u00f3n recopilada se regula por la pol\u00edtica de privacidad de la plataforma social correspondiente:<\/p>\n<p><span>\u2714<\/span><span>\u00a0<\/span><a href=\"https:\/\/es-es.facebook.com\/privacy\/explanation\"><strong>Facebook<\/strong><\/a><br \/><span>\u2714<\/span><span>\u00a0<\/span><a href=\"https:\/\/www.google.com\/intl\/es\/policies\/technologies\/cookies\/\"><strong>Google<\/strong><\/a><br \/><span>\u2714<\/span><span>\u00a0<\/span><a href=\"https:\/\/twitter.com\/privacy?lang=es\"><strong>Twitter<\/strong><\/a><br \/><span>\u2714<\/span><span>\u00a0<\/span><a href=\"https:\/\/www.linkedin.com\/legal\/cookie-policy\"><strong>Linkedin<\/strong><\/a><br \/><span>\u2714<\/span><span>\u00a0<\/span><a href=\"https:\/\/www.addthis.com\/privacy\"><strong>AddThis<\/strong><\/a><\/p>\n<p>Utilizamos esta informaci\u00f3n para mejorar nuestras p\u00e1ginas, detectar nuevas necesidades y valorar las mejoras a introducir con la finalidad de prestar un mejor servicio a los usuarios que nos visitan adapt\u00e1ndolas por ejemplo a los navegadores o terminales m\u00e1s utilizados.<\/p>\n<p>Asimismo es posible que al visitar alguna pagina web o al abrir alg\u00fan email donde se publique alg\u00fan anuncio o alguna promoci\u00f3n sobre nuestros productos o servicios se instale en tu navegador alguna cookie que nos sirve para mostrarte posteriormente publicidad relacionada con la b\u00fasqueda que hayas realizado, desarrollar un control de nuestros anuncios en relaci\u00f3n, por ejemplo, con el numero de veces que son vistos, donde aparecen, a que hora se ven, etc.<\/p>\n<h2><span>Revocaci\u00f3n y eliminaci\u00f3n de cookies<\/span><span><\/span><\/h2>\n<p>Usted puede permitir, bloquear o eliminar las cookies instaladas en su equipo mediante la configuraci\u00f3n de las opciones del navegador instalado en su ordenador, en caso que no permita la instalaci\u00f3n de cookies en su navegador es posible que no pueda acceder a alguna de las secciones de nuestra web.<\/p>\n<p>Para permitir, conocer, bloquear o eliminar las cookies instaladas en tu equipo puedes hacerlo mediante la configuraci\u00f3n de las opciones del navegador instalado en su ordenador.<\/p>\n<p>Por ejemplo puedes encontrar informaci\u00f3n sobre como hacerlo como hacerlo en el caso que uses como navegador:<\/p>\n<p><span>\u2714<\/span><span>\u00a0<\/span><a href=\"https:\/\/support.mozilla.org\/es\/kb\/habilitar-y-deshabilitar-cookies-que-los-sitios-we\"><strong>Firefox<\/strong><\/a><br \/><span>\u2714<\/span><span>\u00a0<\/span><a href=\"https:\/\/support.google.com\/chrome\/answer\/95647?hl=es\"><strong>Chrome<\/strong><\/a><br \/><span>\u2714<\/span><span>\u00a0<\/span><a href=\"https:\/\/support.microsoft.com\/es-es\/help\/17442\/windows-internet-explorer-delete-manage-cookies\"><strong>Explorer<\/strong><\/a><br \/><span>\u2714<\/span><span>\u00a0<\/span><a href=\"https:\/\/support.apple.com\/kb\/ph5042?locale=en_US\"><strong>Safari<\/strong><\/a><\/p>\n<p>Los posibles datos personales regidos por las cookies se quedan en el ordenador del usuario y por lo tanto nadie puede acceder a ellos. Sin embargo, si usted quiere ampliar informaci\u00f3n puede consultar nuestra Pol\u00edtica de Privacidad. A pesar de todo, si alguna cookie fuera almacenada, se suprimir\u00eda autom\u00e1ticamente en los 13 meses siguientes.<\/p>\n<p>Si deseas mas informaci\u00f3n sobre el uso de cookies puedes solicit\u00e1rnosla a<span>\u00a0<\/span><a href=\"mailto:info@publicis-proximedia.es\"><strong>info@sytelmedia.com<\/strong><\/a><\/p>\n<p>[\/et_pb_text][\/et_pb_column][\/et_pb_row][\/et_pb_section][et_pb_section fb_built=\u00bb1&#8243; _builder_version=\u00bb3.12.1&#8243; background_color=\u00bb#F0F0F0&#8243; global_module=\u00bb60&#8243;][et_pb_row _builder_version=\u00bb3.12.1&#8243;][et_pb_column type=\u00bb1_2&#8243; _builder_version=\u00bb3.0.47&#8243; parallax=\u00bboff\u00bb parallax_method=\u00bbon\u00bb][et_pb_text _builder_version=\u00bb3.12.1&#8243;]<\/p>\n<p><iframe loading=\"lazy\" style=\"border: 0;\" src=\"https:\/\/www.google.com\/maps\/embed?pb=!1m14!1m8!1m3!1d12682.484639141858!2d-5.998138!3d37.37514!3m2!1i1024!2i768!4f13.1!3m3!1m2!1s0x0%3A0x9d5ef571fe22138!2sCentro+FS!5e0!3m2!1ses-419!2ses!4v1563976964058!5m2!1ses-419!2ses\" width=\"800\" height=\"600\" frameborder=\"0\" allowfullscreen=\"allowfullscreen\"><\/iframe><\/p>\n<p>[\/et_pb_text][\/et_pb_column][et_pb_column type=\u00bb1_2&#8243; _builder_version=\u00bb3.0.47&#8243; parallax=\u00bboff\u00bb parallax_method=\u00bbon\u00bb][et_pb_text _builder_version=\u00bb3.12.1&#8243; text_font=\u00bbArial||||||||\u00bb text_font_size=\u00bb21px\u00bb header_2_font=\u00bbArial||||||||\u00bb header_2_text_color=\u00bb#196090&#8243; header_2_font_size=\u00bb30px\u00bb]<\/p>\n<h2 style=\"text-align: center;\">Pide informaci\u00f3n sobre nuestros servicios y sesiones aqu\u00ed<\/h2>\n<p>[\/et_pb_text][et_pb_contact_form module_id=\u00bbet_pb_contact_form_0&#8243; _builder_version=\u00bb3.12.1&#8243; form_field_font=\u00bb||||||||\u00bb][et_pb_contact_field field_id=\u00bbName\u00bb field_title=\u00bbNombre\u00bb _builder_version=\u00bb3.12.1&#8243; border_radii=\u00bbon||||\u00bb][\/et_pb_contact_field][et_pb_contact_field field_id=\u00bbEmail\u00bb field_title=\u00bbDirecci\u00f3n de correo electr\u00f3nico\u00bb field_type=\u00bbemail\u00bb _builder_version=\u00bb3.12.1&#8243; form_field_font=\u00bb||||||||\u00bb border_radii=\u00bbon||||\u00bb][\/et_pb_contact_field][et_pb_contact_field field_id=\u00bbtelefonos\u00bb field_title=\u00bbTel\u00e9fono\u00bb fullwidth_field=\u00bbon\u00bb _builder_version=\u00bb3.12.1&#8243;][\/et_pb_contact_field][et_pb_contact_field field_id=\u00bbMessage\u00bb field_title=\u00bbMensaje\u00bb field_type=\u00bbtext\u00bb fullwidth_field=\u00bbon\u00bb _builder_version=\u00bb3.0.87&#8243; border_radii=\u00bbon||||\u00bb][\/et_pb_contact_field][et_pb_contact_field field_id=\u00bbcheck\u00bb field_title=\u00bb.\u00bb field_type=\u00bbcheckbox\u00bb checkbox_options=\u00bb%91{%22value%22:%22He le\u00eddo y acepto la Politica de Privacidad%22,%22checked%22:0,%22dragID%22:-1,%22link_url%22:%22\/politica-de-privacidad\/%22,%22link_text%22:%22%22}%93&#8243; fullwidth_field=\u00bbon\u00bb _builder_version=\u00bb3.12.1&#8243;][\/et_pb_contact_field][\/et_pb_contact_form][\/et_pb_column][\/et_pb_row][\/et_pb_section][et_pb_section fb_built=\u00bb1&#8243; _builder_version=\u00bb3.12.1&#8243; background_color=\u00bb#0D2334&#8243; global_module=\u00bb71&#8243;][et_pb_row _builder_version=\u00bb3.12.1&#8243;][et_pb_column type=\u00bb1_4&#8243; _builder_version=\u00bb3.0.47&#8243; parallax=\u00bboff\u00bb parallax_method=\u00bbon\u00bb][et_pb_text _builder_version=\u00bb3.12.1&#8243; text_font=\u00bb||||||||\u00bb text_text_color=\u00bb#ffffff\u00bb]<\/p>\n<p><strong>CENTRO FS<\/strong><\/p>\n<p>Calle Virgen del Valle 73<br \/>41011 &#8211; Sevilla<\/p>\n<p>[\/et_pb_text][\/et_pb_column][et_pb_column type=\u00bb1_4&#8243; _builder_version=\u00bb3.0.47&#8243; parallax=\u00bboff\u00bb parallax_method=\u00bbon\u00bb][et_pb_text _builder_version=\u00bb3.12.1&#8243; text_font=\u00bb||||||||\u00bb text_text_color=\u00bb#ffffff\u00bb]<\/p>\n<p><strong>Horario de atenci\u00f3n<\/strong><\/p>\n<p>De lunes a viernes<br \/>De 08:00 a 21:30 horas<\/p>\n<p>[\/et_pb_text][\/et_pb_column][et_pb_column type=\u00bb1_4&#8243; _builder_version=\u00bb3.0.47&#8243; parallax=\u00bboff\u00bb parallax_method=\u00bbon\u00bb][et_pb_text _builder_version=\u00bb3.12.1&#8243; text_font=\u00bb||||||||\u00bb text_text_color=\u00bb#ffffff\u00bb]<\/p>\n<p><strong>Horario de atenci\u00f3n<\/strong><\/p>\n<p><span style=\"font-size: x-large;\">955 29 21 22<\/span><\/p>\n<p>[\/et_pb_text][\/et_pb_column][et_pb_column type=\u00bb1_4&#8243; _builder_version=\u00bb3.0.47&#8243; parallax=\u00bboff\u00bb parallax_method=\u00bbon\u00bb][et_pb_text _builder_version=\u00bb3.12.1&#8243; text_font=\u00bb||||||||\u00bb text_text_color=\u00bb#ffffff\u00bb]<\/p>\n<p><strong>Vis\u00edtenos en:<\/strong><\/p>\n<table cellpadding=\"5px\">\n<tbody>\n<tr>\n<td><a href=\"https:\/\/es-es.facebook.com\/pages\/category\/Medical---Health\/Centro-FS-187819381875140\/\" target=\"_blank\" rel=\"noopener noreferrer\"><img decoding=\"async\" src=\"https:\/\/www.centrofs.es\/media\/images\/upload\/facebook_02.png\" \/><\/a><\/td>\n<td><a href=\"https:\/\/www.instagram.com\/centrofssevilla\/?hl=es\" target=\"_blank\" rel=\"noopener noreferrer\"><img decoding=\"async\" src=\"\/wp-content\/uploads\/2019\/07\/instagram_02.png\" \/><\/a><\/td>\n<\/tr>\n<\/tbody>\n<\/table>\n<p>[\/et_pb_text][\/et_pb_column][\/et_pb_row][\/et_pb_section]<\/p>\n","protected":false},"excerpt":{"rendered":"<p>Mejora del rendimiento deportivo \u2013 Patolog\u00edas \u2013 Cambio composici\u00f3n corporal \u2013 Calidad de Vida POL\u00cdTICA DE COOKIES &nbsp;\u00bfQu\u00e9 son las cookies? Una cookie es un fichero que se descarga en su ordenador al acceder a determinadas p\u00e1ginas web. Las cookies permiten a una p\u00e1gina web, entre otras cosas, almacenar y recuperar informaci\u00f3n sobre los h\u00e1bitos [&hellip;]<\/p>\n","protected":false},"author":1,"featured_media":0,"parent":0,"menu_order":0,"comment_status":"closed","ping_status":"closed","template":"","meta":{"_et_pb_use_builder":"on","_et_pb_old_content":"","_et_gb_content_width":"","footnotes":""},"_links":{"self":[{"href":"https:\/\/centrofs.es\/index.php\/wp-json\/wp\/v2\/pages\/182"}],"collection":[{"href":"https:\/\/centrofs.es\/index.php\/wp-json\/wp\/v2\/pages"}],"about":[{"href":"https:\/\/centrofs.es\/index.php\/wp-json\/wp\/v2\/types\/page"}],"author":[{"embeddable":true,"href":"https:\/\/centrofs.es\/index.php\/wp-json\/wp\/v2\/users\/1"}],"replies":[{"embeddable":true,"href":"https:\/\/centrofs.es\/index.php\/wp-json\/wp\/v2\/comments?post=182"}],"version-history":[{"count":4,"href":"https:\/\/centrofs.es\/index.php\/wp-json\/wp\/v2\/pages\/182\/revisions"}],"predecessor-version":[{"id":188,"href":"https:\/\/centrofs.es\/index.php\/wp-json\/wp\/v2\/pages\/182\/revisions\/188"}],"wp:attachment":[{"href":"https:\/\/centrofs.es\/index.php\/wp-json\/wp\/v2\/media?parent=182"}],"curies":[{"name":"wp","href":"https:\/\/api.w.org\/{rel}","templated":true}]}}